{"id":198,"date":"2022-06-29T10:29:06","date_gmt":"2022-06-29T08:29:06","guid":{"rendered":"https:\/\/mswaldzell.at\/?page_id=198"},"modified":"2022-09-03T22:23:50","modified_gmt":"2022-09-03T20:23:50","slug":"corona-aktuell","status":"publish","type":"page","link":"https:\/\/mswaldzell.at\/?page_id=198","title":{"rendered":"CORONA AKTUELL"},"content":{"rendered":"\n<p>Informationen zur Schule im Herbst &#8211; Rundschreiben des BMBWF!<\/p>\n\n\n\n<h6 class=\"wp-block-heading\">Eingangsphase mit freiwilligem Testangebot am Schuljahresbeginn<\/h6>\n\n\n\n<p>Die Sch\u00fclerinnen und Sch\u00fcler sollten nach M\u00f6glichkeit am ersten Schultag bereits mit einem<br>g\u00fcltigen (PCR)-Test an die Schule kommen. Dar\u00fcber hinaus werden in der ersten Schulwoche<br>am Montag, Dienstag und Mittwoch an allen Schulen Antigentests angeboten, die von<br>Sch\u00fclerinnen und Sch\u00fclern, Lehrkr\u00e4ften und Verwaltungspersonal freiwillig genutzt werden<br>k\u00f6nnen. Bei Sch\u00fclerinnen und Sch\u00fclern unter 14 Jahren ist auch bei freiwilliger Teilnahme eine<br>Einverst\u00e4ndniserkl\u00e4rung der Erziehungsberechtigen erforderlich.<br>F\u00fcr die zweite Schulwoche erhalten alle Sch\u00fclerinnen und Sch\u00fcler die das m\u00f6chten, drei<br>Antigen-Schnelltest f\u00fcr die Verwendung zu Hause, damit sie sich z.B. Sonntagabend oder<br>Montag Fr\u00fch testen k\u00f6nnen.<\/p>\n\n\n\n<p><a href=\"https:\/\/www.bmbwf.gv.at\/dam\/jcr:17db6ac5-1d01-4ed9-aa46-c401a79e93ed\/rs_sichereschule_2022_23.pdf\">Sichere Schule_2022_23.pdf<\/a><\/p>\n\n\n\n<p>Impfaktion des Landes O\u00d6 <a rel=\"noreferrer noopener\" href=\"https:\/\/mswaldzell.at\/wp-content\/uploads\/2022\/06\/Impfaktion_Schreiben_an_Schulen_Endfassung_.pdf\" target=\"_blank\">(PDF DOWNLOAD)<\/a><\/p>\n","protected":false},"excerpt":{"rendered":"<p>Informationen zur Schule im Herbst &#8211; Rundschreiben des BMBWF! Eingangsphase mit freiwilligem Testangebot am Schuljahresbeginn Die Sch\u00fclerinnen und Sch\u00fcler sollten nach M\u00f6glichkeit am ersten Schultag bereits mit einemg\u00fcltigen (PCR)-Test an die Schule kommen. Dar\u00fcber hinaus werden in der ersten Schulwocheam Montag, Dienstag und Mittwoch an allen Schulen Antigentests angeboten, die vonSch\u00fclerinnen und Sch\u00fclern, Lehrkr\u00e4ften und [&hellip;]<\/p>\n","protected":false},"author":1,"featured_media":0,"parent":0,"menu_order":0,"comment_status":"closed","ping_status":"closed","template":"","meta":{"advgb_blocks_editor_width":"","advgb_blocks_columns_visual_guide":"","footnotes":""},"class_list":["post-198","page","type-page","status-publish","hentry"],"coauthors":[],"author_meta":{"author_link":"https:\/\/mswaldzell.at\/?author=1","display_name":"admin"},"relative_dates":{"created":"Posted 4\u00a0Jahren ago","modified":"Updated 4\u00a0Jahren ago"},"absolute_dates":{"created":"Posted on 29. Juni 2022","modified":"Updated on 3. September 2022"},"absolute_dates_time":{"created":"Posted on 29. Juni 2022 10:29","modified":"Updated on 3. September 2022 22:23"},"featured_img_caption":"","featured_img":false,"series_order":"","_links":{"self":[{"href":"https:\/\/mswaldzell.at\/index.php?rest_route=\/wp\/v2\/pages\/198","targetHints":{"allow":["GET"]}}],"collection":[{"href":"https:\/\/mswaldzell.at\/index.php?rest_route=\/wp\/v2\/pages"}],"about":[{"href":"https:\/\/mswaldzell.at\/index.php?rest_route=\/wp\/v2\/types\/page"}],"author":[{"embeddable":true,"href":"https:\/\/mswaldzell.at\/index.php?rest_route=\/wp\/v2\/users\/1"}],"replies":[{"embeddable":true,"href":"https:\/\/mswaldzell.at\/index.php?rest_route=%2Fwp%2Fv2%2Fcomments&post=198"}],"version-history":[{"count":5,"href":"https:\/\/mswaldzell.at\/index.php?rest_route=\/wp\/v2\/pages\/198\/revisions"}],"predecessor-version":[{"id":271,"href":"https:\/\/mswaldzell.at\/index.php?rest_route=\/wp\/v2\/pages\/198\/revisions\/271"}],"wp:attachment":[{"href":"https:\/\/mswaldzell.at\/index.php?rest_route=%2Fwp%2Fv2%2Fmedia&parent=198"}],"curies":[{"name":"wp","href":"https:\/\/api.w.org\/{rel}","templated":true}]}}